{"id":14,"date":"2020-06-25T08:11:59","date_gmt":"2020-06-25T08:11:59","guid":{"rendered":"https:\/\/themes.muffingroup.com\/be\/business3_el\/?page_id=14"},"modified":"2021-05-05T13:23:48","modified_gmt":"2021-05-05T13:23:48","slug":"contact","status":"publish","type":"page","link":"https:\/\/old.cuarzur.com\/nuevo\/?page_id=14","title":{"rendered":"Contacto"},"content":{"rendered":"\t\t<div data-elementor-type=\"wp-page\" data-elementor-id=\"14\" class=\"elementor elementor-14\" data-elementor-settings=\"[]\">\n\t\t\t\t\t\t<div class=\"elementor-inner\">\n\t\t\t\t\t\t\t<div class=\"elementor-section-wrap\">\n\t\t\t\t\t\t\t<section class=\"elementor-section elementor-top-section elementor-element elementor-element-5708831 elementor-section-boxed elementor-section-height-default elementor-section-height-default\" data-id=\"5708831\" data-element_type=\"section\">\n\t\t\t\t\t\t<div class=\"elementor-container elementor-column-gap-default\">\n\t\t\t\t\t\t\t<div class=\"elementor-row\">\n\t\t\t\t\t<div class=\"elementor-column elementor-col-33 elementor-top-column elementor-element elementor-element-fd0c396 animated-slow elementor-invisible\" data-id=\"fd0c396\" data-element_type=\"column\" data-settings=\"{&quot;animation&quot;:&quot;fadeIn&quot;}\">\n\t\t\t<div class=\"elementor-column-wrap elementor-element-populated\">\n\t\t\t\t\t\t\t<div class=\"elementor-widget-wrap\">\n\t\t\t\t\t\t<div class=\"elementor-element elementor-element-cc285ca elementor-view-default elementor-widget elementor-widget-icon\" data-id=\"cc285ca\" data-element_type=\"widget\" data-widget_type=\"icon.default\">\n\t\t\t\t<div class=\"elementor-widget-container\">\n\t\t\t\t\t<div class=\"elementor-icon-wrapper\">\n\t\t\t<div class=\"elementor-icon elementor-animation-grow\">\n\t\t\t<i aria-hidden=\"true\" class=\"fas fa-phone\"><\/i>\t\t\t<\/div>\n\t\t<\/div>\n\t\t\t\t<\/div>\n\t\t\t\t<\/div>\n\t\t\t\t<div class=\"elementor-element elementor-element-2923a99 elementor-widget elementor-widget-text-editor\" data-id=\"2923a99\" data-element_type=\"widget\" data-widget_type=\"text-editor.default\">\n\t\t\t\t<div class=\"elementor-widget-container\">\n\t\t\t\t\t\t\t\t<div class=\"elementor-text-editor elementor-clearfix\">\n\t\t\t\t<p><font color=\"#ff9933\">TEL\u00c9FONOS<br><\/font><b style=\"letter-spacing: 0px;\"><a href=\"tel:2233129560\" style=\"color: #ffffff !important;\">223 3 129560<\/a><br><\/b><b style=\"letter-spacing: 0px;\"><a href=\"tel:08103335533\" style=\"color: #ffffff !important;\">0810 333 5533<\/a><\/b><\/p>\t\t\t\t\t<\/div>\n\t\t\t\t\t\t<\/div>\n\t\t\t\t<\/div>\n\t\t\t\t\t\t<\/div>\n\t\t\t\t\t<\/div>\n\t\t<\/div>\n\t\t\t\t<div class=\"elementor-column elementor-col-33 elementor-top-column elementor-element elementor-element-8836ae4 animated-slow elementor-invisible\" data-id=\"8836ae4\" data-element_type=\"column\" data-settings=\"{&quot;animation&quot;:&quot;fadeIn&quot;}\">\n\t\t\t<div class=\"elementor-column-wrap elementor-element-populated\">\n\t\t\t\t\t\t\t<div class=\"elementor-widget-wrap\">\n\t\t\t\t\t\t<div class=\"elementor-element elementor-element-6174b82 elementor-view-default elementor-widget elementor-widget-icon\" data-id=\"6174b82\" data-element_type=\"widget\" data-widget_type=\"icon.default\">\n\t\t\t\t<div class=\"elementor-widget-container\">\n\t\t\t\t\t<div class=\"elementor-icon-wrapper\">\n\t\t\t<div class=\"elementor-icon elementor-animation-grow\">\n\t\t\t<i aria-hidden=\"true\" class=\"far fa-envelope\"><\/i>\t\t\t<\/div>\n\t\t<\/div>\n\t\t\t\t<\/div>\n\t\t\t\t<\/div>\n\t\t\t\t<div class=\"elementor-element elementor-element-49bc5fb elementor-widget elementor-widget-text-editor\" data-id=\"49bc5fb\" data-element_type=\"widget\" data-widget_type=\"text-editor.default\">\n\t\t\t\t<div class=\"elementor-widget-container\">\n\t\t\t\t\t\t\t\t<div class=\"elementor-text-editor elementor-clearfix\">\n\t\t\t\t<p><span style=\"letter-spacing: 0px;\"><font color=\"#ff9933\">MAIL<br><\/font><\/span><b style=\"letter-spacing: 0px;\"><a href=\"mailto:\" style=\"color: #ffffff !important;\">info@cuarzur.com<\/a><\/b><\/p>\t\t\t\t\t<\/div>\n\t\t\t\t\t\t<\/div>\n\t\t\t\t<\/div>\n\t\t\t\t\t\t<\/div>\n\t\t\t\t\t<\/div>\n\t\t<\/div>\n\t\t\t\t<div class=\"elementor-column elementor-col-33 elementor-top-column elementor-element elementor-element-86a83fe animated-slow elementor-invisible\" data-id=\"86a83fe\" data-element_type=\"column\" data-settings=\"{&quot;animation&quot;:&quot;fadeIn&quot;}\">\n\t\t\t<div class=\"elementor-column-wrap elementor-element-populated\">\n\t\t\t\t\t\t\t<div class=\"elementor-widget-wrap\">\n\t\t\t\t\t\t<div class=\"elementor-element elementor-element-3e92359 elementor-view-default elementor-widget elementor-widget-icon\" data-id=\"3e92359\" data-element_type=\"widget\" data-widget_type=\"icon.default\">\n\t\t\t\t<div class=\"elementor-widget-container\">\n\t\t\t\t\t<div class=\"elementor-icon-wrapper\">\n\t\t\t<a class=\"elementor-icon elementor-animation-grow\" href=\"https:\/\/g.page\/cuarzur?share\">\n\t\t\t<i aria-hidden=\"true\" class=\"fas fa-map-marker-alt\"><\/i>\t\t\t<\/a>\n\t\t<\/div>\n\t\t\t\t<\/div>\n\t\t\t\t<\/div>\n\t\t\t\t<div class=\"elementor-element elementor-element-27c012b elementor-widget elementor-widget-text-editor\" data-id=\"27c012b\" data-element_type=\"widget\" data-widget_type=\"text-editor.default\">\n\t\t\t\t<div class=\"elementor-widget-container\">\n\t\t\t\t\t\t\t\t<div class=\"elementor-text-editor elementor-clearfix\">\n\t\t\t\t<p><font color=\"#ff9933\">DIRECCI\u00d3N<br><\/font><strong style=\"color: rgb(255, 255, 255); letter-spacing: 0px;\">Alvarado 2901, Mar del Plata, Buenos Aires, Argentina<\/strong><\/p>\t\t\t\t\t<\/div>\n\t\t\t\t\t\t<\/div>\n\t\t\t\t<\/div>\n\t\t\t\t\t\t<\/div>\n\t\t\t\t\t<\/div>\n\t\t<\/div>\n\t\t\t\t\t\t\t\t<\/div>\n\t\t\t\t\t<\/div>\n\t\t<\/section>\n\t\t\t\t<section class=\"elementor-section elementor-top-section elementor-element elementor-element-b8c38de animated-slow elementor-section-boxed elementor-section-height-default elementor-section-height-default elementor-invisible\" data-id=\"b8c38de\" data-element_type=\"section\" data-settings=\"{&quot;animation&quot;:&quot;fadeIn&quot;}\">\n\t\t\t\t\t\t<div class=\"elementor-container elementor-column-gap-default\">\n\t\t\t\t\t\t\t<div class=\"elementor-row\">\n\t\t\t\t\t<div class=\"elementor-column elementor-col-100 elementor-top-column elementor-element elementor-element-1a13e81\" data-id=\"1a13e81\" data-element_type=\"column\">\n\t\t\t<div class=\"elementor-column-wrap elementor-element-populated\">\n\t\t\t\t\t\t\t<div class=\"elementor-widget-wrap\">\n\t\t\t\t\t\t<div class=\"elementor-element elementor-element-ac5f861 elementor-invisible elementor-widget elementor-widget-image\" data-id=\"ac5f861\" data-element_type=\"widget\" data-settings=\"{&quot;_animation&quot;:&quot;fadeIn&quot;}\" data-widget_type=\"image.default\">\n\t\t\t\t<div class=\"elementor-widget-container\">\n\t\t\t\t\t\t\t\t<div class=\"elementor-image\">\n\t\t\t\t\t\t\t\t\t\t\t\t<img width=\"1024\" height=\"523\" src=\"https:\/\/old.cuarzur.com\/nuevo\/wp-content\/uploads\/2021\/04\/plano-1024x523.png\" class=\"attachment-large size-large\" alt=\"\" loading=\"lazy\" srcset=\"https:\/\/old.cuarzur.com\/nuevo\/wp-content\/uploads\/2021\/04\/plano-1024x523.png 1024w, https:\/\/old.cuarzur.com\/nuevo\/wp-content\/uploads\/2021\/04\/plano-300x153.png 300w, https:\/\/old.cuarzur.com\/nuevo\/wp-content\/uploads\/2021\/04\/plano-768x392.png 768w, https:\/\/old.cuarzur.com\/nuevo\/wp-content\/uploads\/2021\/04\/plano-1536x784.png 1536w, https:\/\/old.cuarzur.com\/nuevo\/wp-content\/uploads\/2021\/04\/plano-2048x1045.png 2048w, https:\/\/old.cuarzur.com\/nuevo\/wp-content\/uploads\/2021\/04\/plano-260x133.png 260w, https:\/\/old.cuarzur.com\/nuevo\/wp-content\/uploads\/2021\/04\/plano-50x26.png 50w, https:\/\/old.cuarzur.com\/nuevo\/wp-content\/uploads\/2021\/04\/plano-147x75.png 147w\" sizes=\"(max-width: 1024px) 100vw, 1024px\" \/>\t\t\t\t\t\t\t\t\t\t\t\t\t\t<\/div>\n\t\t\t\t\t\t<\/div>\n\t\t\t\t<\/div>\n\t\t\t\t<div class=\"elementor-element elementor-element-6c2c339 elementor-widget elementor-widget-wp-widget-custom_html\" data-id=\"6c2c339\" data-element_type=\"widget\" data-widget_type=\"wp-widget-custom_html.default\">\n\t\t\t\t<div class=\"elementor-widget-container\">\n\t\t\t<div class=\"textwidget custom-html-widget\"><h3 style=\"color:#ff9933 !important\">Somos tu mejor opci\u00f3n para invertir. Contactanos.<\/h3>\r\n\r\n<h5 style=\"padding-bottom:10px\">Si desea de m\u00e1s informaci\u00f3n ingrese sus datos en el formulario y a la brevedad, uno de nuestros asesores se comunicar\u00e1 con usted. Muchas gracias.<\/h5>\r\n\r\n<div role=\"form\" class=\"wpcf7\" id=\"wpcf7-f25-o1\" lang=\"en-US\" dir=\"ltr\">\n<div class=\"screen-reader-response\"><p role=\"status\" aria-live=\"polite\" aria-atomic=\"true\"><\/p> <ul><\/ul><\/div>\n<form action=\"\/nuevo\/index.php?rest_route=%2Fwp%2Fv2%2Fpages%2F14#wpcf7-f25-o1\" method=\"post\" class=\"wpcf7-form init\" novalidate=\"novalidate\" data-status=\"init\">\n<div style=\"display: none;\">\n<input type=\"hidden\" name=\"_wpcf7\" value=\"25\" \/>\n<input type=\"hidden\" name=\"_wpcf7_version\" value=\"5.4\" \/>\n<input type=\"hidden\" name=\"_wpcf7_locale\" value=\"en_US\" \/>\n<input type=\"hidden\" name=\"_wpcf7_unit_tag\" value=\"wpcf7-f25-o1\" \/>\n<input type=\"hidden\" name=\"_wpcf7_container_post\" value=\"0\" \/>\n<input type=\"hidden\" name=\"_wpcf7_posted_data_hash\" value=\"\" \/>\n<\/div>\n<div class=\"column one\"><label><span class=\"wpcf7-form-control-wrap your-name\"><input type=\"text\" name=\"your-name\" value=\"\" size=\"40\" class=\"wpcf7-form-control wpcf7-text wpcf7-validates-as-required\" aria-required=\"true\" aria-invalid=\"false\" placeholder=\"Nombre\" \/><\/span> <\/label><\/div>\n<div class=\"column one-second\"><label><span class=\"wpcf7-form-control-wrap your-email\"><input type=\"email\" name=\"your-email\" value=\"\" size=\"40\" class=\"wpcf7-form-control wpcf7-text wpcf7-email wpcf7-validates-as-required wpcf7-validates-as-email\" aria-required=\"true\" aria-invalid=\"false\" placeholder=\"Email\" \/><\/span><\/label><\/div>\n<div class=\"column one-second\"><label><span class=\"wpcf7-form-control-wrap your-tel\"><input type=\"text\" name=\"your-tel\" value=\"\" size=\"40\" class=\"wpcf7-form-control wpcf7-text\" aria-invalid=\"false\" placeholder=\"Tel\u00e9fono\" \/><\/span><\/label><\/div>\n<div class=\"column one-second\"><label><span class=\"wpcf7-form-control-wrap edificio\"><select name=\"edificio\" class=\"wpcf7-form-control wpcf7-select\" aria-invalid=\"false\"><option value=\"Selecciona consulta\">Selecciona consulta<\/option><option value=\"Cuarzur I\">Cuarzur I<\/option><option value=\"Cuarzur II\">Cuarzur II<\/option><option value=\"Cuarzur III\">Cuarzur III<\/option><option value=\"Cuarzur IV\">Cuarzur IV<\/option><option value=\"Cuarzur V\">Cuarzur V<\/option><option value=\"Cuarzur VI\">Cuarzur VI<\/option><\/select><\/span><\/label><\/div>\n<div class=\"column one-second\"><label><span class=\"wpcf7-form-control-wrap asesoramiento\"><select name=\"asesoramiento\" class=\"wpcf7-form-control wpcf7-select\" aria-invalid=\"false\"><option value=\"Selecciona asesoramiento\">Selecciona asesoramiento<\/option><option value=\"Contado\">Contado<\/option><option value=\"Financiaci\u00f3n\">Financiaci\u00f3n<\/option><\/select><\/span><\/label><\/div>\n<div class=\"column one\"><label><span class=\"wpcf7-form-control-wrap your-subject\"><input type=\"text\" name=\"your-subject\" value=\"\" size=\"40\" class=\"wpcf7-form-control wpcf7-text\" aria-invalid=\"false\" placeholder=\"Asunto\" \/><\/span><\/label><\/div>\n<div class=\"column one\"><label><span class=\"wpcf7-form-control-wrap your-message\"><textarea name=\"your-message\" cols=\"40\" rows=\"10\" class=\"wpcf7-form-control wpcf7-textarea\" aria-invalid=\"false\" placeholder=\"Mensaje\"><\/textarea><\/span> <\/label><\/div>\n<div class=\"column one\"><input type=\"submit\" value=\"Enviar mensaje\" class=\"wpcf7-form-control wpcf7-submit button_full_width\" \/><\/div>\n<div class=\"wpcf7-response-output\" aria-hidden=\"true\"><\/div><\/form><\/div><\/div>\t\t<\/div>\n\t\t\t\t<\/div>\n\t\t\t\t\t\t<\/div>\n\t\t\t\t\t<\/div>\n\t\t<\/div>\n\t\t\t\t\t\t\t\t<\/div>\n\t\t\t\t\t<\/div>\n\t\t<\/section>\n\t\t\t\t<section class=\"elementor-section elementor-top-section elementor-element elementor-element-364c850 elementor-section-boxed elementor-section-height-default elementor-section-height-default\" data-id=\"364c850\" data-element_type=\"section\">\n\t\t\t\t\t\t<div class=\"elementor-container elementor-column-gap-default\">\n\t\t\t\t\t\t\t<div class=\"elementor-row\">\n\t\t\t\t\t<div class=\"elementor-column elementor-col-100 elementor-top-column elementor-element elementor-element-2920acc\" data-id=\"2920acc\" data-element_type=\"column\">\n\t\t\t<div class=\"elementor-column-wrap elementor-element-populated\">\n\t\t\t\t\t\t\t<div class=\"elementor-widget-wrap\">\n\t\t\t\t\t\t<div class=\"elementor-element elementor-element-fcb57fc elementor-widget elementor-widget-text-editor\" data-id=\"fcb57fc\" data-element_type=\"widget\" data-widget_type=\"text-editor.default\">\n\t\t\t\t<div class=\"elementor-widget-container\">\n\t\t\t\t\t\t\t\t\t\t\t            <a href=\"https:\/\/web.whatsapp.com\/send?l=es&phone=+5492233129560\"  class=\"whatsapp_1 float float-right float-floatingButton\" style=\"background-color: #25d366;\" target=\"_blank\">\r\n                <i class=\"whatsapp_1 fab fa-whatsapp whatsapp \" ><\/i>\r\n            <\/a>\r\n\t\t\t\t\t\t\t\t\t\t\t\t\t<div class=\"elementor-text-editor elementor-clearfix\">\n\t\t\t\t<p>\u00a0<\/p>\t\t\t\t\t<\/div>\n\t\t\t\t\t\t<\/div>\n\t\t\t\t<\/div>\n\t\t\t\t\t\t<\/div>\n\t\t\t\t\t<\/div>\n\t\t<\/div>\n\t\t\t\t\t\t\t\t<\/div>\n\t\t\t\t\t<\/div>\n\t\t<\/section>\n\t\t\t\t\t\t<\/div>\n\t\t\t\t\t\t<\/div>\n\t\t\t\t\t<\/div>\n\t\t","protected":false},"excerpt":{"rendered":"<p>TEL\u00c9FONOS223 3 1295600810 333 5533 MAILinfo@cuarzur.com DIRECCI\u00d3NAlvarado 2901, Mar del Plata, Buenos Aires, Argentina \u00a0<\/p>\n","protected":false},"author":1,"featured_media":0,"parent":0,"menu_order":0,"comment_status":"closed","ping_status":"closed","template":"","meta":[],"_links":{"self":[{"href":"https:\/\/old.cuarzur.com\/nuevo\/index.php?rest_route=\/wp\/v2\/pages\/14"}],"collection":[{"href":"https:\/\/old.cuarzur.com\/nuevo\/index.php?rest_route=\/wp\/v2\/pages"}],"about":[{"href":"https:\/\/old.cuarzur.com\/nuevo\/index.php?rest_route=\/wp\/v2\/types\/page"}],"author":[{"embeddable":true,"href":"https:\/\/old.cuarzur.com\/nuevo\/index.php?rest_route=\/wp\/v2\/users\/1"}],"replies":[{"embeddable":true,"href":"https:\/\/old.cuarzur.com\/nuevo\/index.php?rest_route=%2Fwp%2Fv2%2Fcomments&post=14"}],"version-history":[{"count":92,"href":"https:\/\/old.cuarzur.com\/nuevo\/index.php?rest_route=\/wp\/v2\/pages\/14\/revisions"}],"predecessor-version":[{"id":2130,"href":"https:\/\/old.cuarzur.com\/nuevo\/index.php?rest_route=\/wp\/v2\/pages\/14\/revisions\/2130"}],"wp:attachment":[{"href":"https:\/\/old.cuarzur.com\/nuevo\/index.php?rest_route=%2Fwp%2Fv2%2Fmedia&parent=14"}],"curies":[{"name":"wp","href":"https:\/\/api.w.org\/{rel}","templated":true}]}}